{"id":5048,"date":"2023-10-20T11:05:27","date_gmt":"2023-10-20T11:05:27","guid":{"rendered":"https:\/\/lacasadelspianos.com\/?page_id=5048"},"modified":"2023-12-04T11:58:29","modified_gmt":"2023-12-04T11:58:29","slug":"servicios","status":"publish","type":"page","link":"https:\/\/lacasadelspianos.com\/es\/servicios\/","title":{"rendered":"Servicios"},"content":{"rendered":"<div class=\"wpb-content-wrapper\">[vc_section css_animation=\u00bbfadeIn\u00bb full_width=\u00bbstretch_row_content\u00bb css=\u00bb.vc_custom_1698217750050{padding-top: 5% !important;padding-bottom: 5% !important;background-color: #f6f6f6 !important;}\u00bb][vc_row remove_bottom_col_margin=\u00bbtrue\u00bb][vc_column][vc_column_text color=\u00bb#000000&#8243; text_align=\u00bbcenter\u00bb font_size=\u00bb19px\u00bb font_weight=\u00bb300&#8243; text_transform=\u00bbuppercase\u00bb width=\u00bb600px\u00bb]En <strong>La Casa de los Pianos<\/strong> disponemos de todos los servicios necesarios relacionados con el piano que te suban hacer falta.[\/vc_column_text][\/vc_column][\/vc_row][\/vc_section][vc_section css_animation=\u00bbfadeIn\u00bb parallax=\u00bbcontent-moving\u00bb parallax_image=\u00bb918&#8243; wpex_bg_overlay=\u00bbcustom\u00bb wpex_bg_overlay_color=\u00bb#ffffff\u00bb wpex_bg_overlay_opacity=\u00bb0.7&#8243; css=\u00bb.vc_custom_1698217756078{padding-top: 7% !important;padding-bottom: 7% !important;background-color: #ffffff !important;}\u00bb][vc_row content_placement=\u00bbmiddle\u00bb bg_style=\u00bbstretch\u00bb][vc_column width=\u00bb1\/2&#8243;][vc_single_image image=\u00bb5086&#8243; css_animation=\u00bbleft-to-right\u00bb][\/vc_column][vc_column width=\u00bb1\/2&#8243;]<style>.vcex-heading.vcex_69f2e52e60948{color:#000000;font-size:28px;font-weight:300;text-transform:uppercase;}<\/style><h2 class=\"vcex-heading vcex-heading-plain vcex-module wpex-heading wpex-text-2xl vcex_69f2e52e60948\"><span class=\"vcex-heading-inner wpex-inline-block\">AFINACIONES<\/span><\/h2><div class=\"vcex-module vcex-divider vcex-divider-solid wpex-my-15 vcex-divider-left wpex-mr-auto wpex-max-w-100 wpex-block wpex-h-0 wpex-border-b wpex-border-solid wpex-border-main\" style=\"width:50px;border-bottom-width:3px;border-color:#c3ac52;\"><\/div>[vc_column_text color=\u00bb#000000&#8243;]Como cualquier otro instrumento musical, <strong>el piano requiere estar afinado a la perfecci\u00f3n<\/strong> para que puedan experimentar plenamente la magia de su sonido. Una afinaci\u00f3n precisa es crucial para mantener y proteger la compleja y delicada maquinaria del piano. Este instrumento de cuerda necesita que sus cuerdas est\u00e9n ajustadas al tono adecuado. Recomendamos una afinaci\u00f3n al menos una vez al a\u00f1o.<br \/>\nAdem\u00e1s, es importante realizar afinaciones despu\u00e9s de cambios bruscos de temperatura causados por las estaciones del a\u00f1o, as\u00ed como despu\u00e9s de un traslado o movimiento del piano.<br \/>\n[\/vc_column_text][\/vc_column][\/vc_row][vc_row css_animation=\u00bbfadeIn\u00bb content_placement=\u00bbmiddle\u00bb columns_right=\u00bbyes\u00bb bg_style=\u00bbstretch\u00bb][vc_column width=\u00bb1\/2&#8243;][vc_single_image image=\u00bb5088&#8243; css_animation=\u00bbleft-to-right\u00bb][\/vc_column][vc_column width=\u00bb1\/2&#8243;]<style>.vcex-heading.vcex_69f2e52e61b86{color:#000000;font-size:28px;font-weight:300;text-transform:uppercase;}<\/style><h2 class=\"vcex-heading vcex-heading-plain vcex-module wpex-heading wpex-text-2xl vcex_69f2e52e61b86\"><span class=\"vcex-heading-inner wpex-inline-block\">REPARACIONES<\/span><\/h2><div class=\"vcex-module vcex-divider vcex-divider-solid wpex-my-15 vcex-divider-left wpex-mr-auto wpex-max-w-100 wpex-block wpex-h-0 wpex-border-b wpex-border-solid wpex-border-main\" style=\"width:50px;border-bottom-width:3px;border-color:#c3ac52;\"><\/div>[vc_column_text color=\u00bb#000000&#8243;]El piano est\u00e1 compuesto por una gran cantidad de elementos en su mecanismo, lo que significa que de vez en cuando podr\u00edan ser necesarios ajustes o reparaciones. Un piano puede vivir m\u00e1s de un siglo, superando en edad a muchas personas. Esto hace que sea <strong>esencial realizar de manera peri\u00f3dica una revisi\u00f3n y ajuste del mecanismo del pian<\/strong>o, incluyendo tareas de armonizaci\u00f3n y regulaci\u00f3n.[\/vc_column_text][\/vc_column][\/vc_row][vc_row css_animation=\u00bbfadeIn\u00bb full_width=\u00bbstretch_row\u00bb content_placement=\u00bbmiddle\u00bb bg_style=\u00bbstretch\u00bb][vc_column width=\u00bb1\/2&#8243;][vc_single_image image=\u00bb5082&#8243; css_animation=\u00bbleft-to-right\u00bb][\/vc_column][vc_column width=\u00bb1\/2&#8243;]<style>.vcex-heading.vcex_69f2e52e62654{color:#000000;font-size:28px;font-weight:300;text-transform:uppercase;}<\/style><h2 class=\"vcex-heading vcex-heading-plain vcex-module wpex-heading wpex-text-2xl vcex_69f2e52e62654\"><span class=\"vcex-heading-inner wpex-inline-block\">RESTAURACIONES<\/span><\/h2><div class=\"vcex-module vcex-divider vcex-divider-solid wpex-my-15 vcex-divider-left wpex-mr-auto wpex-max-w-100 wpex-block wpex-h-0 wpex-border-b wpex-border-solid wpex-border-main\" style=\"width:50px;border-bottom-width:3px;border-color:#c3ac52;\"><\/div>[vc_column_text color=\u00bb#000000&#8243;]El piano es m\u00e1s que un simple instrumento musical, es uno de los muebles m\u00e1s elegantes y sofisticados que existen. Las formas \u00fanicas de su estructura, dise\u00f1adas para generar una resonancia perfecta, han convertido al piano a lo largo de los a\u00f1os en una <strong>pieza de arte y mobiliario de gran valor<\/strong>.<br \/>\nEs por ello que, con el paso del tiempo o despu\u00e9s de peque\u00f1os accidentes, puede ser necesario restaurar el mueble del piano. En otras ocasiones, quiz\u00e1s deseen revivir un antiguo piano que forma parte de su familia, con un alto valor sentimental o como una peque\u00f1a joya art\u00edstica.<br \/>\nIndependientemente de la situaci\u00f3n, <strong>nuestro Taller es experto en la restauraci\u00f3n de todo tipo de pianos<\/strong>, d\u00e1ndoles una nueva vida y restituyendo el bello sonido que han ido perdiendo a lo largo de los a\u00f1os.<br \/>\n[\/vc_column_text][\/vc_column][\/vc_row][vc_row css_animation=\u00bbfadeIn\u00bb full_width=\u00bbstretch_row\u00bb content_placement=\u00bbmiddle\u00bb columns_right=\u00bbyes\u00bb bg_style=\u00bbstretch\u00bb][vc_column width=\u00bb1\/2&#8243;][vc_single_image image=\u00bb5085&#8243; css_animation=\u00bbleft-to-right\u00bb][\/vc_column][vc_column width=\u00bb1\/2&#8243;]<style>.vcex-heading.vcex_69f2e52e63417{color:#000000;font-size:28px;font-weight:300;text-transform:uppercase;}<\/style><h2 class=\"vcex-heading vcex-heading-plain vcex-module wpex-heading wpex-text-2xl vcex_69f2e52e63417\"><span class=\"vcex-heading-inner wpex-inline-block\">ALQUILER DE PIANOS<\/span><\/h2><div class=\"vcex-module vcex-divider vcex-divider-solid wpex-my-15 vcex-divider-left wpex-mr-auto wpex-max-w-100 wpex-block wpex-h-0 wpex-border-b wpex-border-solid wpex-border-main\" style=\"width:50px;border-bottom-width:3px;border-color:#c3ac52;\"><\/div>[vc_column_text color=\u00bb#000000&#8243;]En <strong>La Casa de los Pianos<\/strong>, te ofrecemos la oportunidad de introducir un piano ac\u00fastico en tu hogar sin que esto genere un impacto significativo en tu econom\u00eda, mediante un alquiler con opci\u00f3n a compra.<\/p>\n<p>Esta opci\u00f3n est\u00e1 especialmente dise\u00f1ada para todas aquellas familias que deseen ofrecer a sus miembros la experiencia de un aut\u00e9ntico piano de estudio durante aquella fase en la que el estudiante comienza los primeros pasos en este mundo, aunque su futuro como pianista a\u00fan sea incierto.[\/vc_column_text]<div class=\"vcex-spacing wpex-w-100 wpex-clear\"><\/div><style>.vcex-button.vcex_69f2e52e65149{border-radius:var(--wpex-rounded-full);background:rgba(0,0,0,0.01);color:#981b19!important;border:1px solid #981b19;}.vcex-button.vcex_69f2e52e65149:hover{background:#981b19!important;color:#ffffff!important;}<\/style><a href=\"https:\/\/lacasadelspianos.com\/es\/alquiler-de-pianos\/\" class=\"vcex-button theme-button minimal-border small align-left inline vcex_69f2e52e65149\"><span class=\"vcex-button-inner theme-button-inner wpex-flex wpex-flex-wrap wpex-items-center wpex-justify-center\">M\u00e1s informaci\u00f3n<span class=\"vcex-button-icon vcex-icon-wrap theme-button-icon-right\"><span class=\"wpex-icon wpex-icon--bidi\" aria-hidden=\"true\"><svg xmlns=\"http:\/\/www.w3.org\/2000\/svg\" viewBox=\"0 0 320 512\"><path d=\"M278.6 233.4c12.5 12.5 12.5 32.8 0 45.3l-160 160c-12.5 12.5-32.8 12.5-45.3 0s-12.5-32.8 0-45.3L210.7 256 73.4 118.6c-12.5-12.5-12.5-32.8 0-45.3s32.8-12.5 45.3 0l160 160z\"\/><\/svg><\/span><\/span><\/span><\/a> [\/vc_column][\/vc_row][vc_row css_animation=\u00bbfadeIn\u00bb full_width=\u00bbstretch_row\u00bb content_placement=\u00bbmiddle\u00bb bg_style=\u00bbstretch\u00bb][vc_column width=\u00bb1\/2&#8243;][vc_single_image image=\u00bb5083&#8243; css_animation=\u00bbleft-to-right\u00bb][\/vc_column][vc_column width=\u00bb1\/2&#8243;]<style>.vcex-heading.vcex_69f2e52e659f5{color:#000000;font-size:28px;font-weight:300;text-transform:uppercase;}<\/style><h2 class=\"vcex-heading vcex-heading-plain vcex-module wpex-heading wpex-text-2xl vcex_69f2e52e659f5\"><span class=\"vcex-heading-inner wpex-inline-block\">TRANSPORTE DE PIANOS<\/span><\/h2><div class=\"vcex-module vcex-divider vcex-divider-solid wpex-my-15 vcex-divider-left wpex-mr-auto wpex-max-w-100 wpex-block wpex-h-0 wpex-border-b wpex-border-solid wpex-border-main\" style=\"width:50px;border-bottom-width:3px;border-color:#c3ac52;\"><\/div>[vc_column_text color=\u00bb#000000&#8243;]<strong>Trasladamos su piano con el m\u00e1ximo cuidado, profesionalidad y los mejores medios y equipo humano cualificado<\/strong> para que llegue a su destino en perfectas condiciones y con el precio m\u00e1s ajustado del sector.<\/p>\n<p>Los pianos viajan perfectamente embalados y protegidos para preservar totalmente el instrumento, ya que somos totalmente conscientes del valor que tiene para su propietario.<br \/>\n[\/vc_column_text][\/vc_column][\/vc_row][\/vc_section][vc_row css_animation=\u00bbfadeIn\u00bb remove_bottom_col_margin=\u00bbtrue\u00bb][vc_column]<div class=\"templatera_shortcode\"><style type=\"text\/css\" data-type=\"vc_shortcodes-custom-css\">.vc_custom_1697710429791{padding-top: 60px !important;padding-bottom: 60px !important;background-color: #981b19 !important;}.vc_custom_1700635142874{padding-bottom: 15px !important;}<\/style><div data-vc-parallax=\"1.5\" data-vc-parallax-image=\"https:\/\/lacasadelspianos.com\/wp-content\/uploads\/2023\/10\/title-header-bg-CTA.jpg\" class=\"vc_row wpb_row vc_row-fluid vc_custom_1697710429791 vc_general vc_parallax vc_parallax-content-moving wpex-vc-full-width-row wpex-vc-full-width-row--centered wpex-relative wpex-vc_row-has-fill no-bottom-margins wpex-vc-reset-negative-margin wpex-has-overlay wpex-has-overlay--69f2e52e67073\"><div class=\"wpex-bg-overlay-wrap wpex-absolute wpex-inset-0 wpex-rounded-inherit\"><style class=\"wpex-bg-overlay-css\">.wpex-has-overlay--69f2e52e67073 > .wpex-bg-overlay-wrap .wpex-bg-overlay{background-color:#981b19;opacity:0.9;}<\/style><span class=\"wpex-bg-overlay color wpex-absolute wpex-inset-0 wpex-rounded-inherit wpex-duration-500 wpex-opacity-60 wpex-bg-black\"><\/span><\/div><div class=\"wpb_column vc_column_container vc_col-sm-12\"><div class=\"vc_column-inner\"><div class=\"wpb_wrapper\"><style>.vcex-heading.vcex_69f2e52e68077{color:#ffffff;font-size:32px;font-weight:200;text-transform:uppercase;}<\/style><h2 class=\"vcex-heading vcex-heading-plain vcex-module wpex-heading wpex-text-2xl wpex-text-center vc_custom_1700635142874 vcex_69f2e52e68077\"><span class=\"vcex-heading-inner wpex-inline-block\">\u00bfNecesitas m\u00e1s informaci\u00f3n sobre nuestros pianos?<\/span><\/h2>\n\t<div style=\"color:#ffffff;font-size:18px;font-weight:200;text-align:center;width:850px;\" class=\"wpb_text_column has-custom-color wpex-child-inherit-color wpex-max-w-100 wpex-mx-auto wpb_content_element\" >\n\t\t<div class=\"wpb_wrapper\">\n\t\t\t<p>Contacta con nosotros y te ayudaremos a elegir el mejor piano por ti.<\/p>\n\n\t\t<\/div>\n\t<\/div>\n<div class=\"vcex-spacing wpex-w-100 wpex-clear\"><\/div><style>.vcex-button.vcex_69f2e52e68da6{border-radius:var(--wpex-rounded-full);background:rgba(255,255,255,0.01);color:#ffffff!important;border:1px solid #ffffff;font-size:16px;font-weight:400;text-transform:uppercase;}.vcex-button.vcex_69f2e52e68da6:hover{background:#ffffff!important;color:#981b19!important;}<\/style><div class=\"theme-button-wrap textcenter wpex-clr\"><a href=\"\/contacte\/\" class=\"vcex-button theme-button minimal-border align-center inline vcex_69f2e52e68da6\" title=\"Purchase Total\"><span class=\"vcex-button-inner theme-button-inner wpex-flex wpex-flex-wrap wpex-items-center wpex-justify-center\">Contacta con nosotros<span class=\"vcex-button-icon vcex-icon-wrap theme-button-icon-right\"><span class=\"wpex-icon wpex-icon--bidi\" aria-hidden=\"true\"><svg xmlns=\"http:\/\/www.w3.org\/2000\/svg\" viewBox=\"0 0 320 512\"><path d=\"M278.6 233.4c12.5 12.5 12.5 32.8 0 45.3l-160 160c-12.5 12.5-32.8 12.5-45.3 0s-12.5-32.8 0-45.3L210.7 256 73.4 118.6c-12.5-12.5-12.5-32.8 0-45.3s32.8-12.5 45.3 0l160 160z\"\/><\/svg><\/span><\/span><\/span><\/a><\/div> <\/div><\/div><\/div><\/div><\/div>[\/vc_column][\/vc_row]\n<\/div>","protected":false},"excerpt":{"rendered":"En La Casa de los Pianos disponemos de todos los servicios necesarios relacionados con el piano que te suban hacer falta. AFINACIONES Como cualquier otro instrumento musical, el piano requiere estar afinado a la perfecci\u00f3n para que puedan experimentar plenamente la magia de su sonido. Una afinaci\u00f3n precisa es crucial para mantener y proteger la&hellip;","protected":false},"author":1,"featured_media":0,"parent":0,"menu_order":0,"comment_status":"closed","ping_status":"closed","template":"","meta":{"footnotes":""},"class_list":["post-5048","page","type-page","status-publish","hentry","entry","no-media"],"yoast_head":"<!-- This site is optimized with the Yoast SEO plugin v27.4 - https:\/\/yoast.com\/product\/yoast-seo-wordpress\/ -->\n<title>Servicios - La Casa dels Pianos<\/title>\n<meta name=\"robots\" content=\"index, follow, max-snippet:-1, max-image-preview:large, max-video-preview:-1\" \/>\n<link rel=\"canonical\" href=\"https:\/\/lacasadelspianos.com\/es\/servicios\/\" \/>\n<meta property=\"og:locale\" content=\"es_ES\" \/>\n<meta property=\"og:type\" content=\"article\" \/>\n<meta property=\"og:title\" content=\"Servicios - La Casa dels Pianos\" \/>\n<meta property=\"og:url\" content=\"https:\/\/lacasadelspianos.com\/es\/servicios\/\" \/>\n<meta property=\"og:site_name\" content=\"La Casa dels Pianos\" \/>\n<meta property=\"article:modified_time\" content=\"2023-12-04T11:58:29+00:00\" \/>\n<meta name=\"twitter:card\" content=\"summary_large_image\" \/>\n<meta name=\"twitter:label1\" content=\"Tiempo de lectura\" \/>\n\t<meta name=\"twitter:data1\" content=\"4 minutos\" \/>\n<script type=\"application\/ld+json\" class=\"yoast-schema-graph\">{\"@context\":\"https:\\\/\\\/schema.org\",\"@graph\":[{\"@type\":\"WebPage\",\"@id\":\"https:\\\/\\\/lacasadelspianos.com\\\/es\\\/servicios\\\/\",\"url\":\"https:\\\/\\\/lacasadelspianos.com\\\/es\\\/servicios\\\/\",\"name\":\"Servicios - La Casa dels Pianos\",\"isPartOf\":{\"@id\":\"https:\\\/\\\/lacasadelspianos.com\\\/#website\"},\"datePublished\":\"2023-10-20T11:05:27+00:00\",\"dateModified\":\"2023-12-04T11:58:29+00:00\",\"breadcrumb\":{\"@id\":\"https:\\\/\\\/lacasadelspianos.com\\\/es\\\/servicios\\\/#breadcrumb\"},\"inLanguage\":\"es\",\"potentialAction\":[{\"@type\":\"ReadAction\",\"target\":[\"https:\\\/\\\/lacasadelspianos.com\\\/es\\\/servicios\\\/\"]}]},{\"@type\":\"BreadcrumbList\",\"@id\":\"https:\\\/\\\/lacasadelspianos.com\\\/es\\\/servicios\\\/#breadcrumb\",\"itemListElement\":[{\"@type\":\"ListItem\",\"position\":1,\"name\":\"Home\",\"item\":\"https:\\\/\\\/lacasadelspianos.com\\\/es\\\/\"},{\"@type\":\"ListItem\",\"position\":2,\"name\":\"Servicios\"}]},{\"@type\":\"WebSite\",\"@id\":\"https:\\\/\\\/lacasadelspianos.com\\\/#website\",\"url\":\"https:\\\/\\\/lacasadelspianos.com\\\/\",\"name\":\"La Casa dels Pianos\",\"description\":\"Venda i lloguer de pianos nous, d&#039;ocasi\u00f3, seminous y Km0\",\"publisher\":{\"@id\":\"https:\\\/\\\/lacasadelspianos.com\\\/#organization\"},\"potentialAction\":[{\"@type\":\"SearchAction\",\"target\":{\"@type\":\"EntryPoint\",\"urlTemplate\":\"https:\\\/\\\/lacasadelspianos.com\\\/?s={search_term_string}\"},\"query-input\":{\"@type\":\"PropertyValueSpecification\",\"valueRequired\":true,\"valueName\":\"search_term_string\"}}],\"inLanguage\":\"es\"},{\"@type\":\"Organization\",\"@id\":\"https:\\\/\\\/lacasadelspianos.com\\\/#organization\",\"name\":\"La Casa dels Pianos\",\"url\":\"https:\\\/\\\/lacasadelspianos.com\\\/\",\"logo\":{\"@type\":\"ImageObject\",\"inLanguage\":\"es\",\"@id\":\"https:\\\/\\\/lacasadelspianos.com\\\/#\\\/schema\\\/logo\\\/image\\\/\",\"url\":\"https:\\\/\\\/lacasadelspianos.com\\\/wp-content\\\/uploads\\\/2023\\\/10\\\/logo.png\",\"contentUrl\":\"https:\\\/\\\/lacasadelspianos.com\\\/wp-content\\\/uploads\\\/2023\\\/10\\\/logo.png\",\"width\":878,\"height\":410,\"caption\":\"La Casa dels Pianos\"},\"image\":{\"@id\":\"https:\\\/\\\/lacasadelspianos.com\\\/#\\\/schema\\\/logo\\\/image\\\/\"}}]}<\/script>\n<!-- \/ Yoast SEO plugin. -->","yoast_head_json":{"title":"Servicios - La Casa dels Pianos","robots":{"index":"index","follow":"follow","max-snippet":"max-snippet:-1","max-image-preview":"max-image-preview:large","max-video-preview":"max-video-preview:-1"},"canonical":"https:\/\/lacasadelspianos.com\/es\/servicios\/","og_locale":"es_ES","og_type":"article","og_title":"Servicios - La Casa dels Pianos","og_url":"https:\/\/lacasadelspianos.com\/es\/servicios\/","og_site_name":"La Casa dels Pianos","article_modified_time":"2023-12-04T11:58:29+00:00","twitter_card":"summary_large_image","twitter_misc":{"Tiempo de lectura":"4 minutos"},"schema":{"@context":"https:\/\/schema.org","@graph":[{"@type":"WebPage","@id":"https:\/\/lacasadelspianos.com\/es\/servicios\/","url":"https:\/\/lacasadelspianos.com\/es\/servicios\/","name":"Servicios - La Casa dels Pianos","isPartOf":{"@id":"https:\/\/lacasadelspianos.com\/#website"},"datePublished":"2023-10-20T11:05:27+00:00","dateModified":"2023-12-04T11:58:29+00:00","breadcrumb":{"@id":"https:\/\/lacasadelspianos.com\/es\/servicios\/#breadcrumb"},"inLanguage":"es","potentialAction":[{"@type":"ReadAction","target":["https:\/\/lacasadelspianos.com\/es\/servicios\/"]}]},{"@type":"BreadcrumbList","@id":"https:\/\/lacasadelspianos.com\/es\/servicios\/#breadcrumb","itemListElement":[{"@type":"ListItem","position":1,"name":"Home","item":"https:\/\/lacasadelspianos.com\/es\/"},{"@type":"ListItem","position":2,"name":"Servicios"}]},{"@type":"WebSite","@id":"https:\/\/lacasadelspianos.com\/#website","url":"https:\/\/lacasadelspianos.com\/","name":"La Casa dels Pianos","description":"Venda i lloguer de pianos nous, d&#039;ocasi\u00f3, seminous y Km0","publisher":{"@id":"https:\/\/lacasadelspianos.com\/#organization"},"potentialAction":[{"@type":"SearchAction","target":{"@type":"EntryPoint","urlTemplate":"https:\/\/lacasadelspianos.com\/?s={search_term_string}"},"query-input":{"@type":"PropertyValueSpecification","valueRequired":true,"valueName":"search_term_string"}}],"inLanguage":"es"},{"@type":"Organization","@id":"https:\/\/lacasadelspianos.com\/#organization","name":"La Casa dels Pianos","url":"https:\/\/lacasadelspianos.com\/","logo":{"@type":"ImageObject","inLanguage":"es","@id":"https:\/\/lacasadelspianos.com\/#\/schema\/logo\/image\/","url":"https:\/\/lacasadelspianos.com\/wp-content\/uploads\/2023\/10\/logo.png","contentUrl":"https:\/\/lacasadelspianos.com\/wp-content\/uploads\/2023\/10\/logo.png","width":878,"height":410,"caption":"La Casa dels Pianos"},"image":{"@id":"https:\/\/lacasadelspianos.com\/#\/schema\/logo\/image\/"}}]}},"_links":{"self":[{"href":"https:\/\/lacasadelspianos.com\/es\/wp-json\/wp\/v2\/pages\/5048","targetHints":{"allow":["GET"]}}],"collection":[{"href":"https:\/\/lacasadelspianos.com\/es\/wp-json\/wp\/v2\/pages"}],"about":[{"href":"https:\/\/lacasadelspianos.com\/es\/wp-json\/wp\/v2\/types\/page"}],"author":[{"embeddable":true,"href":"https:\/\/lacasadelspianos.com\/es\/wp-json\/wp\/v2\/users\/1"}],"replies":[{"embeddable":true,"href":"https:\/\/lacasadelspianos.com\/es\/wp-json\/wp\/v2\/comments?post=5048"}],"version-history":[{"count":51,"href":"https:\/\/lacasadelspianos.com\/es\/wp-json\/wp\/v2\/pages\/5048\/revisions"}],"predecessor-version":[{"id":6584,"href":"https:\/\/lacasadelspianos.com\/es\/wp-json\/wp\/v2\/pages\/5048\/revisions\/6584"}],"wp:attachment":[{"href":"https:\/\/lacasadelspianos.com\/es\/wp-json\/wp\/v2\/media?parent=5048"}],"curies":[{"name":"wp","href":"https:\/\/api.w.org\/{rel}","templated":true}]}}