{"id":6559,"date":"2023-12-04T11:23:45","date_gmt":"2023-12-04T11:23:45","guid":{"rendered":"https:\/\/lacasadelspianos.com\/?page_id=6559"},"modified":"2024-04-15T08:06:56","modified_gmt":"2024-04-15T08:06:56","slug":"alquiler-de-pianos","status":"publish","type":"page","link":"https:\/\/lacasadelspianos.com\/es\/alquiler-de-pianos\/","title":{"rendered":"Alquiler de pianos"},"content":{"rendered":"<div class=\"wpb-content-wrapper\">[vc_section css_animation=\u00bbfadeIn\u00bb parallax=\u00bbcontent-moving\u00bb parallax_image=\u00bb918&#8243; wpex_bg_overlay=\u00bbcustom\u00bb wpex_bg_overlay_color=\u00bb#ffffff\u00bb wpex_bg_overlay_opacity=\u00bb0.7&#8243; css=\u00bb.vc_custom_1698217756078{padding-top: 7% !important;padding-bottom: 7% !important;background-color: #ffffff !important;}\u00bb][vc_row css_animation=\u00bbfadeIn\u00bb full_width=\u00bbstretch_row\u00bb content_placement=\u00bbmiddle\u00bb columns_right=\u00bbyes\u00bb bg_style=\u00bbstretch\u00bb][vc_column width=\u00bb1\/2&#8243;][vc_single_image image=\u00bb7106&#8243; css_animation=\u00bbleft-to-right\u00bb][\/vc_column][vc_column width=\u00bb1\/2&#8243;]<style>.vcex-heading.vcex_69f51492dfe14{color:#000000;font-size:28px;font-weight:300;text-transform:uppercase;}<\/style><h2 class=\"vcex-heading vcex-heading-plain vcex-module wpex-heading wpex-text-2xl vcex_69f51492dfe14\"><span class=\"vcex-heading-inner wpex-inline-block\">ALQUILER DE PIANOS<\/span><\/h2><div class=\"vcex-module vcex-divider vcex-divider-solid wpex-my-15 vcex-divider-left wpex-mr-auto wpex-max-w-100 wpex-block wpex-h-0 wpex-border-b wpex-border-solid wpex-border-main\" style=\"width:50px;border-bottom-width:3px;border-color:#c3ac52;\"><\/div>[vc_column_text color=\u00bb#000000&#8243;]\n<p style=\"text-align: center;\"><strong>SERVICIO DISPONIBLE EN CUALQUIER PUNTO DE CATALUNYA<\/strong><\/p>\n<p>En <strong>La Casa de los Pianos<\/strong>, te ofrecemos la oportunidad de introducir un piano ac\u00fastico en tu hogar sin que esto genere un impacto significativo en tu econom\u00eda.<\/p>\n<p>Esta opci\u00f3n est\u00e1 especialmente dise\u00f1ada para todas aquellas familias que deseen ofrecer a sus miembros la experiencia de un aut\u00e9ntico piano de estudio durante aquella fase en la que el estudiante comienza los primeros pasos en este mundo, aunque su futuro como pianista a\u00fan sea incierto.[\/vc_column_text]<div class=\"vcex-spacing wpex-w-100 wpex-clear\"><\/div>[vc_column_text color=\u00bb#000000&#8243;]Alquiler con opci\u00f3n de compra:<\/p>\n<p>Nuestro servicio de alquiler con opci\u00f3n de compra se aplica a pianos de estudio.<\/p>\n<p>\u2022 Solo 50,00\u20ac mensuales + IVA durante 1 a\u00f1o.<br \/>\n\u2022 Incluye garant\u00eda mec\u00e1nica del instrumento.<br \/>\n\u2022 Tienes la opci\u00f3n de comprar el piano al final del decimotercer mes <strong>DESCONTANDO DE SU PRECIO LAS MENSUALIDADES PAGADAS DE ALQUILER<\/strong>\u2026o la posibilidad de renovar el contrato de alquiler.<br \/>\n\u2022 En caso de que no desees continuar con el alquiler, tienes la posibilidad de devolver el piano sin ninguna obligaci\u00f3n adicional.<\/p>\n<p>Creemos que esta es una excelente oportunidad para aquellos que desean introducir la belleza y la pasi\u00f3n de la m\u00fasica en sus vidas sin tener que comprometerse a largo plazo. Aprovecha esta posibilidad para explorar el mundo del piano y ver si es el camino que deseas seguir.<\/p>\n<p style=\"text-align: center;\"><strong>SERVICIO DISPONIBLE EN CUALQUIER PUNTO DE CATALUNYA<\/strong><\/p>\n[\/vc_column_text][\/vc_column][\/vc_row][\/vc_section][vc_row css_animation=\u00bbfadeIn\u00bb remove_bottom_col_margin=\u00bbtrue\u00bb][vc_column]<div class=\"templatera_shortcode\"><style type=\"text\/css\" data-type=\"vc_shortcodes-custom-css\">.vc_custom_1697710429791{padding-top: 60px !important;padding-bottom: 60px !important;background-color: #981b19 !important;}.vc_custom_1700635142874{padding-bottom: 15px !important;}<\/style><div data-vc-parallax=\"1.5\" data-vc-parallax-image=\"https:\/\/lacasadelspianos.com\/wp-content\/uploads\/2023\/10\/title-header-bg-CTA.jpg\" class=\"vc_row wpb_row vc_row-fluid vc_custom_1697710429791 vc_general vc_parallax vc_parallax-content-moving wpex-vc-full-width-row wpex-vc-full-width-row--centered wpex-relative wpex-vc_row-has-fill no-bottom-margins wpex-vc-reset-negative-margin wpex-has-overlay wpex-has-overlay--69f51492e2969\"><div class=\"wpex-bg-overlay-wrap wpex-absolute wpex-inset-0 wpex-rounded-inherit\"><style class=\"wpex-bg-overlay-css\">.wpex-has-overlay--69f51492e2969 > .wpex-bg-overlay-wrap .wpex-bg-overlay{background-color:#981b19;opacity:0.9;}<\/style><span class=\"wpex-bg-overlay color wpex-absolute wpex-inset-0 wpex-rounded-inherit wpex-duration-500 wpex-opacity-60 wpex-bg-black\"><\/span><\/div><div class=\"wpb_column vc_column_container vc_col-sm-12\"><div class=\"vc_column-inner\"><div class=\"wpb_wrapper\"><style>.vcex-heading.vcex_69f51492e3fa7{color:#ffffff;font-size:32px;font-weight:200;text-transform:uppercase;}<\/style><h2 class=\"vcex-heading vcex-heading-plain vcex-module wpex-heading wpex-text-2xl wpex-text-center vc_custom_1700635142874 vcex_69f51492e3fa7\"><span class=\"vcex-heading-inner wpex-inline-block\">\u00bfNecesitas m\u00e1s informaci\u00f3n sobre nuestros pianos?<\/span><\/h2>\n\t<div style=\"color:#ffffff;font-size:18px;font-weight:200;text-align:center;width:850px;\" class=\"wpb_text_column has-custom-color wpex-child-inherit-color wpex-max-w-100 wpex-mx-auto wpb_content_element\" >\n\t\t<div class=\"wpb_wrapper\">\n\t\t\t<p>Contacta con nosotros y te ayudaremos a elegir el mejor piano por ti.<\/p>\n\n\t\t<\/div>\n\t<\/div>\n<div class=\"vcex-spacing wpex-w-100 wpex-clear\"><\/div><style>.vcex-button.vcex_69f51492e50e1{border-radius:var(--wpex-rounded-full);background:rgba(255,255,255,0.01);color:#ffffff!important;border:1px solid #ffffff;font-size:16px;font-weight:400;text-transform:uppercase;}.vcex-button.vcex_69f51492e50e1:hover{background:#ffffff!important;color:#981b19!important;}<\/style><div class=\"theme-button-wrap textcenter wpex-clr\"><a href=\"\/contacte\/\" class=\"vcex-button theme-button minimal-border align-center inline vcex_69f51492e50e1\" title=\"Purchase Total\"><span class=\"vcex-button-inner theme-button-inner wpex-flex wpex-flex-wrap wpex-items-center wpex-justify-center\">Contacta con nosotros<span class=\"vcex-button-icon vcex-icon-wrap theme-button-icon-right\"><span class=\"wpex-icon wpex-icon--bidi\" aria-hidden=\"true\"><svg xmlns=\"http:\/\/www.w3.org\/2000\/svg\" viewBox=\"0 0 320 512\"><path d=\"M278.6 233.4c12.5 12.5 12.5 32.8 0 45.3l-160 160c-12.5 12.5-32.8 12.5-45.3 0s-12.5-32.8 0-45.3L210.7 256 73.4 118.6c-12.5-12.5-12.5-32.8 0-45.3s32.8-12.5 45.3 0l160 160z\"\/><\/svg><\/span><\/span><\/span><\/a><\/div> <\/div><\/div><\/div><\/div><\/div>[\/vc_column][\/vc_row]\n<\/div>","protected":false},"excerpt":{"rendered":"ALQUILER DE PIANOS SERVICIO DISPONIBLE EN CUALQUIER PUNTO DE CATALUNYA En La Casa de los Pianos, te ofrecemos la oportunidad de introducir un piano ac\u00fastico en tu hogar sin que esto genere un impacto significativo en tu econom\u00eda. Esta opci\u00f3n est\u00e1 especialmente dise\u00f1ada para todas aquellas familias que deseen ofrecer a sus miembros la experiencia&hellip;","protected":false},"author":1,"featured_media":4693,"parent":0,"menu_order":0,"comment_status":"closed","ping_status":"closed","template":"","meta":{"footnotes":""},"class_list":["post-6559","page","type-page","status-publish","has-post-thumbnail","hentry","entry","has-media"],"yoast_head":"<!-- This site is optimized with the Yoast SEO plugin v27.4 - https:\/\/yoast.com\/product\/yoast-seo-wordpress\/ -->\n<title>Alquiler de pianos - La Casa dels Pianos<\/title>\n<meta name=\"description\" content=\"Servicio de alquiler de pianos en La Casa dels Pianos. Gran variedad de modelos para todo tipo de eventos y necesidades musicales.\" \/>\n<meta name=\"robots\" content=\"index, follow, max-snippet:-1, max-image-preview:large, max-video-preview:-1\" \/>\n<link rel=\"canonical\" href=\"https:\/\/lacasadelspianos.com\/es\/alquiler-de-pianos\/\" \/>\n<meta property=\"og:locale\" content=\"es_ES\" \/>\n<meta property=\"og:type\" content=\"article\" \/>\n<meta property=\"og:title\" content=\"Alquiler de pianos - La Casa dels Pianos\" \/>\n<meta property=\"og:description\" content=\"Servicio de alquiler de pianos en La Casa dels Pianos. Gran variedad de modelos para todo tipo de eventos y necesidades musicales.\" \/>\n<meta property=\"og:url\" content=\"https:\/\/lacasadelspianos.com\/es\/alquiler-de-pianos\/\" \/>\n<meta property=\"og:site_name\" content=\"La Casa dels Pianos\" \/>\n<meta property=\"article:modified_time\" content=\"2024-04-15T08:06:56+00:00\" \/>\n<meta property=\"og:image\" content=\"https:\/\/lacasadelspianos.com\/wp-content\/uploads\/2023\/10\/favicon.png\" \/>\n\t<meta property=\"og:image:width\" content=\"312\" \/>\n\t<meta property=\"og:image:height\" content=\"312\" \/>\n\t<meta property=\"og:image:type\" content=\"image\/png\" \/>\n<meta name=\"twitter:card\" content=\"summary_large_image\" \/>\n<meta name=\"twitter:label1\" content=\"Tiempo de lectura\" \/>\n\t<meta name=\"twitter:data1\" content=\"2 minutos\" \/>\n<script type=\"application\/ld+json\" class=\"yoast-schema-graph\">{\"@context\":\"https:\\\/\\\/schema.org\",\"@graph\":[{\"@type\":\"WebPage\",\"@id\":\"https:\\\/\\\/lacasadelspianos.com\\\/es\\\/alquiler-de-pianos\\\/\",\"url\":\"https:\\\/\\\/lacasadelspianos.com\\\/es\\\/alquiler-de-pianos\\\/\",\"name\":\"Alquiler de pianos - La Casa dels Pianos\",\"isPartOf\":{\"@id\":\"https:\\\/\\\/lacasadelspianos.com\\\/#website\"},\"primaryImageOfPage\":{\"@id\":\"https:\\\/\\\/lacasadelspianos.com\\\/es\\\/alquiler-de-pianos\\\/#primaryimage\"},\"image\":{\"@id\":\"https:\\\/\\\/lacasadelspianos.com\\\/es\\\/alquiler-de-pianos\\\/#primaryimage\"},\"thumbnailUrl\":\"https:\\\/\\\/lacasadelspianos.com\\\/wp-content\\\/uploads\\\/2023\\\/10\\\/favicon.png\",\"datePublished\":\"2023-12-04T11:23:45+00:00\",\"dateModified\":\"2024-04-15T08:06:56+00:00\",\"description\":\"Servicio de alquiler de pianos en La Casa dels Pianos. Gran variedad de modelos para todo tipo de eventos y necesidades musicales.\",\"breadcrumb\":{\"@id\":\"https:\\\/\\\/lacasadelspianos.com\\\/es\\\/alquiler-de-pianos\\\/#breadcrumb\"},\"inLanguage\":\"es\",\"potentialAction\":[{\"@type\":\"ReadAction\",\"target\":[\"https:\\\/\\\/lacasadelspianos.com\\\/es\\\/alquiler-de-pianos\\\/\"]}]},{\"@type\":\"ImageObject\",\"inLanguage\":\"es\",\"@id\":\"https:\\\/\\\/lacasadelspianos.com\\\/es\\\/alquiler-de-pianos\\\/#primaryimage\",\"url\":\"https:\\\/\\\/lacasadelspianos.com\\\/wp-content\\\/uploads\\\/2023\\\/10\\\/favicon.png\",\"contentUrl\":\"https:\\\/\\\/lacasadelspianos.com\\\/wp-content\\\/uploads\\\/2023\\\/10\\\/favicon.png\",\"width\":312,\"height\":312,\"caption\":\"Alquiler de pianos\"},{\"@type\":\"BreadcrumbList\",\"@id\":\"https:\\\/\\\/lacasadelspianos.com\\\/es\\\/alquiler-de-pianos\\\/#breadcrumb\",\"itemListElement\":[{\"@type\":\"ListItem\",\"position\":1,\"name\":\"Home\",\"item\":\"https:\\\/\\\/lacasadelspianos.com\\\/es\\\/\"},{\"@type\":\"ListItem\",\"position\":2,\"name\":\"Alquiler de pianos\"}]},{\"@type\":\"WebSite\",\"@id\":\"https:\\\/\\\/lacasadelspianos.com\\\/#website\",\"url\":\"https:\\\/\\\/lacasadelspianos.com\\\/\",\"name\":\"La Casa dels Pianos\",\"description\":\"Venda i lloguer de pianos nous, d&#039;ocasi\u00f3, seminous y Km0\",\"publisher\":{\"@id\":\"https:\\\/\\\/lacasadelspianos.com\\\/#organization\"},\"potentialAction\":[{\"@type\":\"SearchAction\",\"target\":{\"@type\":\"EntryPoint\",\"urlTemplate\":\"https:\\\/\\\/lacasadelspianos.com\\\/?s={search_term_string}\"},\"query-input\":{\"@type\":\"PropertyValueSpecification\",\"valueRequired\":true,\"valueName\":\"search_term_string\"}}],\"inLanguage\":\"es\"},{\"@type\":\"Organization\",\"@id\":\"https:\\\/\\\/lacasadelspianos.com\\\/#organization\",\"name\":\"La Casa dels Pianos\",\"url\":\"https:\\\/\\\/lacasadelspianos.com\\\/\",\"logo\":{\"@type\":\"ImageObject\",\"inLanguage\":\"es\",\"@id\":\"https:\\\/\\\/lacasadelspianos.com\\\/#\\\/schema\\\/logo\\\/image\\\/\",\"url\":\"https:\\\/\\\/lacasadelspianos.com\\\/wp-content\\\/uploads\\\/2023\\\/10\\\/logo.png\",\"contentUrl\":\"https:\\\/\\\/lacasadelspianos.com\\\/wp-content\\\/uploads\\\/2023\\\/10\\\/logo.png\",\"width\":878,\"height\":410,\"caption\":\"La Casa dels Pianos\"},\"image\":{\"@id\":\"https:\\\/\\\/lacasadelspianos.com\\\/#\\\/schema\\\/logo\\\/image\\\/\"}}]}<\/script>\n<!-- \/ Yoast SEO plugin. -->","yoast_head_json":{"title":"Alquiler de pianos - La Casa dels Pianos","description":"Servicio de alquiler de pianos en La Casa dels Pianos. Gran variedad de modelos para todo tipo de eventos y necesidades musicales.","robots":{"index":"index","follow":"follow","max-snippet":"max-snippet:-1","max-image-preview":"max-image-preview:large","max-video-preview":"max-video-preview:-1"},"canonical":"https:\/\/lacasadelspianos.com\/es\/alquiler-de-pianos\/","og_locale":"es_ES","og_type":"article","og_title":"Alquiler de pianos - La Casa dels Pianos","og_description":"Servicio de alquiler de pianos en La Casa dels Pianos. Gran variedad de modelos para todo tipo de eventos y necesidades musicales.","og_url":"https:\/\/lacasadelspianos.com\/es\/alquiler-de-pianos\/","og_site_name":"La Casa dels Pianos","article_modified_time":"2024-04-15T08:06:56+00:00","og_image":[{"width":312,"height":312,"url":"https:\/\/lacasadelspianos.com\/wp-content\/uploads\/2023\/10\/favicon.png","type":"image\/png"}],"twitter_card":"summary_large_image","twitter_misc":{"Tiempo de lectura":"2 minutos"},"schema":{"@context":"https:\/\/schema.org","@graph":[{"@type":"WebPage","@id":"https:\/\/lacasadelspianos.com\/es\/alquiler-de-pianos\/","url":"https:\/\/lacasadelspianos.com\/es\/alquiler-de-pianos\/","name":"Alquiler de pianos - La Casa dels Pianos","isPartOf":{"@id":"https:\/\/lacasadelspianos.com\/#website"},"primaryImageOfPage":{"@id":"https:\/\/lacasadelspianos.com\/es\/alquiler-de-pianos\/#primaryimage"},"image":{"@id":"https:\/\/lacasadelspianos.com\/es\/alquiler-de-pianos\/#primaryimage"},"thumbnailUrl":"https:\/\/lacasadelspianos.com\/wp-content\/uploads\/2023\/10\/favicon.png","datePublished":"2023-12-04T11:23:45+00:00","dateModified":"2024-04-15T08:06:56+00:00","description":"Servicio de alquiler de pianos en La Casa dels Pianos. Gran variedad de modelos para todo tipo de eventos y necesidades musicales.","breadcrumb":{"@id":"https:\/\/lacasadelspianos.com\/es\/alquiler-de-pianos\/#breadcrumb"},"inLanguage":"es","potentialAction":[{"@type":"ReadAction","target":["https:\/\/lacasadelspianos.com\/es\/alquiler-de-pianos\/"]}]},{"@type":"ImageObject","inLanguage":"es","@id":"https:\/\/lacasadelspianos.com\/es\/alquiler-de-pianos\/#primaryimage","url":"https:\/\/lacasadelspianos.com\/wp-content\/uploads\/2023\/10\/favicon.png","contentUrl":"https:\/\/lacasadelspianos.com\/wp-content\/uploads\/2023\/10\/favicon.png","width":312,"height":312,"caption":"Alquiler de pianos"},{"@type":"BreadcrumbList","@id":"https:\/\/lacasadelspianos.com\/es\/alquiler-de-pianos\/#breadcrumb","itemListElement":[{"@type":"ListItem","position":1,"name":"Home","item":"https:\/\/lacasadelspianos.com\/es\/"},{"@type":"ListItem","position":2,"name":"Alquiler de pianos"}]},{"@type":"WebSite","@id":"https:\/\/lacasadelspianos.com\/#website","url":"https:\/\/lacasadelspianos.com\/","name":"La Casa dels Pianos","description":"Venda i lloguer de pianos nous, d&#039;ocasi\u00f3, seminous y Km0","publisher":{"@id":"https:\/\/lacasadelspianos.com\/#organization"},"potentialAction":[{"@type":"SearchAction","target":{"@type":"EntryPoint","urlTemplate":"https:\/\/lacasadelspianos.com\/?s={search_term_string}"},"query-input":{"@type":"PropertyValueSpecification","valueRequired":true,"valueName":"search_term_string"}}],"inLanguage":"es"},{"@type":"Organization","@id":"https:\/\/lacasadelspianos.com\/#organization","name":"La Casa dels Pianos","url":"https:\/\/lacasadelspianos.com\/","logo":{"@type":"ImageObject","inLanguage":"es","@id":"https:\/\/lacasadelspianos.com\/#\/schema\/logo\/image\/","url":"https:\/\/lacasadelspianos.com\/wp-content\/uploads\/2023\/10\/logo.png","contentUrl":"https:\/\/lacasadelspianos.com\/wp-content\/uploads\/2023\/10\/logo.png","width":878,"height":410,"caption":"La Casa dels Pianos"},"image":{"@id":"https:\/\/lacasadelspianos.com\/#\/schema\/logo\/image\/"}}]}},"_links":{"self":[{"href":"https:\/\/lacasadelspianos.com\/es\/wp-json\/wp\/v2\/pages\/6559","targetHints":{"allow":["GET"]}}],"collection":[{"href":"https:\/\/lacasadelspianos.com\/es\/wp-json\/wp\/v2\/pages"}],"about":[{"href":"https:\/\/lacasadelspianos.com\/es\/wp-json\/wp\/v2\/types\/page"}],"author":[{"embeddable":true,"href":"https:\/\/lacasadelspianos.com\/es\/wp-json\/wp\/v2\/users\/1"}],"replies":[{"embeddable":true,"href":"https:\/\/lacasadelspianos.com\/es\/wp-json\/wp\/v2\/comments?post=6559"}],"version-history":[{"count":6,"href":"https:\/\/lacasadelspianos.com\/es\/wp-json\/wp\/v2\/pages\/6559\/revisions"}],"predecessor-version":[{"id":7357,"href":"https:\/\/lacasadelspianos.com\/es\/wp-json\/wp\/v2\/pages\/6559\/revisions\/7357"}],"wp:featuredmedia":[{"embeddable":true,"href":"https:\/\/lacasadelspianos.com\/es\/wp-json\/wp\/v2\/media\/4693"}],"wp:attachment":[{"href":"https:\/\/lacasadelspianos.com\/es\/wp-json\/wp\/v2\/media?parent=6559"}],"curies":[{"name":"wp","href":"https:\/\/api.w.org\/{rel}","templated":true}]}}