{"id":7918,"date":"2024-08-09T09:56:26","date_gmt":"2024-08-09T09:56:26","guid":{"rendered":"https:\/\/lacasadelspianos.com\/?page_id=7918"},"modified":"2024-08-14T09:24:30","modified_gmt":"2024-08-14T09:24:30","slug":"comprar-piano","status":"publish","type":"page","link":"https:\/\/lacasadelspianos.com\/es\/servicios\/comprar-piano\/","title":{"rendered":"Comprar piano"},"content":{"rendered":"<div class=\"wpb-content-wrapper\">[vc_section css_animation=\u00bbfadeIn\u00bb full_width=\u00bbstretch_row_content\u00bb css=\u00bb.vc_custom_1698217750050{padding-top: 5% !important;padding-bottom: 5% !important;background-color: #f6f6f6 !important;}\u00bb][vc_row remove_bottom_col_margin=\u00bbtrue\u00bb][vc_column][vc_column_text color=\u00bb#000000&#8243; text_align=\u00bbcenter\u00bb font_size=\u00bb19px\u00bb font_weight=\u00bb300&#8243; text_transform=\u00bbuppercase\u00bb width=\u00bb600px\u00bb]<strong>\u00bfComprar piano? En La Casa de los Pianos encontrar\u00e1s respuesta en esta pregunta.<\/strong>[\/vc_column_text][\/vc_column][\/vc_row][\/vc_section][vc_section css_animation=\u00bbfadeIn\u00bb parallax=\u00bbcontent-moving\u00bb parallax_image=\u00bb918&#8243; wpex_bg_overlay=\u00bbcustom\u00bb wpex_bg_overlay_color=\u00bb#ffffff\u00bb wpex_bg_overlay_opacity=\u00bb0.7&#8243; css=\u00bb.vc_custom_1698217756078{padding-top: 7% !important;padding-bottom: 7% !important;background-color: #ffffff !important;}\u00bb][vc_row css_animation=\u00bbfadeIn\u00bb full_width=\u00bbstretch_row\u00bb content_placement=\u00bbmiddle\u00bb bg_style=\u00bbstretch\u00bb][vc_column width=\u00bb1\/2&#8243;][vc_single_image image=\u00bb5083&#8243; css_animation=\u00bbleft-to-right\u00bb][\/vc_column][vc_column width=\u00bb1\/2&#8243;]<style>.vcex-heading.vcex_69de2dda672fe{color:#000000;font-size:28px;font-weight:300;text-transform:uppercase;}<\/style><h2 class=\"vcex-heading vcex-heading-plain vcex-module wpex-heading wpex-text-2xl vcex_69de2dda672fe\"><span class=\"vcex-heading-inner wpex-inline-block\">Compra de Pianos<\/span><\/h2><div class=\"vcex-module vcex-divider vcex-divider-solid wpex-my-15 vcex-divider-left wpex-mr-auto wpex-max-w-100 wpex-block wpex-h-0 wpex-border-b wpex-border-solid wpex-border-main\" style=\"width:50px;border-bottom-width:3px;border-color:#c3ac52;\"><\/div>[vc_column_text color=\u00bb#000000&#8243;]En <strong>La Casa De los Pianos<\/strong>, somos especialistas en la venta de pianos nuevos y de segunda mano. Si est\u00e1s buscando <strong>comprar un piano<\/strong> de calidad, has llegado al lugar adecuado. Disponemos de una amplia selecci\u00f3n de pianos de cola, verticales y digitales, con marcas reconocidas y modelos para todos los niveles y presupuestos.<\/p>\n<h3>\u00bfPor qu\u00e9 Comprar tu Piano con nosotros?<\/h3>\n<ul>\n<li>Variedad de marcas y modelos: Desde pianos para principiantes hasta instrumentos para profesionales.<\/li>\n<li>Asesoramiento experto: Te ayudamos a elegir el piano perfecto seg\u00fan tus necesidades y tu presupuesto.<\/li>\n<li>Garant\u00eda de calidad: Todos nuestros pianos son revisados y afinados por t\u00e9cnicos profesionales.<\/li>\n<li>Financiaci\u00f3n a medida: Ofrecemos opciones de financiaci\u00f3n para que puedas comprar el piano de tus sue\u00f1os sin preocupaciones.<\/li>\n<\/ul>\n<p>No esperes m\u00e1s para tener tu propio piano a casa. Visita nuestra tienda o cont\u00e1ctenos para obtener m\u00e1s informaci\u00f3n sobre nuestros pianos en venta. <strong>Comprar un piano<\/strong> nunca hab\u00eda estado tan f\u00e1cil y accesible![\/vc_column_text][\/vc_column][\/vc_row][\/vc_section][vc_row css_animation=\u00bbfadeIn\u00bb remove_bottom_col_margin=\u00bbtrue\u00bb][vc_column]<div class=\"templatera_shortcode\"><style type=\"text\/css\" data-type=\"vc_shortcodes-custom-css\">.vc_custom_1697710429791{padding-top: 60px !important;padding-bottom: 60px !important;background-color: #981b19 !important;}.vc_custom_1700635142874{padding-bottom: 15px !important;}<\/style><div data-vc-parallax=\"1.5\" data-vc-parallax-image=\"https:\/\/lacasadelspianos.com\/wp-content\/uploads\/2023\/10\/title-header-bg-CTA.jpg\" class=\"vc_row wpb_row vc_row-fluid vc_custom_1697710429791 vc_general vc_parallax vc_parallax-content-moving wpex-vc-full-width-row wpex-vc-full-width-row--centered wpex-relative wpex-vc_row-has-fill no-bottom-margins wpex-vc-reset-negative-margin wpex-has-overlay wpex-has-overlay--69de2dda6a844\"><div class=\"wpex-bg-overlay-wrap wpex-absolute wpex-inset-0 wpex-rounded-inherit\"><style class=\"wpex-bg-overlay-css\">.wpex-has-overlay--69de2dda6a844 > .wpex-bg-overlay-wrap .wpex-bg-overlay{background-color:#981b19;opacity:0.9;}<\/style><span class=\"wpex-bg-overlay color wpex-absolute wpex-inset-0 wpex-rounded-inherit wpex-duration-500 wpex-opacity-60 wpex-bg-black\"><\/span><\/div><div class=\"wpb_column vc_column_container vc_col-sm-12\"><div class=\"vc_column-inner\"><div class=\"wpb_wrapper\"><style>.vcex-heading.vcex_69de2dda6bb60{color:#ffffff;font-size:32px;font-weight:200;text-transform:uppercase;}<\/style><h2 class=\"vcex-heading vcex-heading-plain vcex-module wpex-heading wpex-text-2xl wpex-text-center vc_custom_1700635142874 vcex_69de2dda6bb60\"><span class=\"vcex-heading-inner wpex-inline-block\">\u00bfNecesitas m\u00e1s informaci\u00f3n sobre nuestros pianos?<\/span><\/h2>\n\t<div style=\"color:#ffffff;font-size:18px;font-weight:200;text-align:center;width:850px;\" class=\"wpb_text_column has-custom-color wpex-child-inherit-color wpex-max-w-100 wpex-mx-auto wpb_content_element\" >\n\t\t<div class=\"wpb_wrapper\">\n\t\t\t<p>Contacta con nosotros y te ayudaremos a elegir el mejor piano por ti.<\/p>\n\n\t\t<\/div>\n\t<\/div>\n<div class=\"vcex-spacing wpex-w-100 wpex-clear\"><\/div><style>.vcex-button.vcex_69de2dda6c8a5{border-radius:var(--wpex-rounded-full);background:rgba(255,255,255,0.01);color:#ffffff!important;border:1px solid #ffffff;font-size:16px;font-weight:400;text-transform:uppercase;}.vcex-button.vcex_69de2dda6c8a5:hover{background:#ffffff!important;color:#981b19!important;}<\/style><div class=\"theme-button-wrap textcenter wpex-clr\"><a href=\"\/contacte\/\" class=\"vcex-button theme-button minimal-border align-center inline vcex_69de2dda6c8a5\" title=\"Purchase Total\"><span class=\"vcex-button-inner theme-button-inner wpex-flex wpex-flex-wrap wpex-items-center wpex-justify-center\">Contacta con nosotros<span class=\"vcex-button-icon vcex-icon-wrap theme-button-icon-right\"><span class=\"wpex-icon wpex-icon--bidi\" aria-hidden=\"true\"><svg xmlns=\"http:\/\/www.w3.org\/2000\/svg\" viewBox=\"0 0 320 512\"><path d=\"M278.6 233.4c12.5 12.5 12.5 32.8 0 45.3l-160 160c-12.5 12.5-32.8 12.5-45.3 0s-12.5-32.8 0-45.3L210.7 256 73.4 118.6c-12.5-12.5-12.5-32.8 0-45.3s32.8-12.5 45.3 0l160 160z\"\/><\/svg><\/span><\/span><\/span><\/a><\/div> <\/div><\/div><\/div><\/div><\/div>[\/vc_column][\/vc_row]\n<\/div>","protected":false},"excerpt":{"rendered":"\u00bfComprar piano? En La Casa de los Pianos encontrar\u00e1s respuesta en esta pregunta. Compra de Pianos En La Casa De los Pianos, somos especialistas en la venta de pianos nuevos y de segunda mano. Si est\u00e1s buscando comprar un piano de calidad, has llegado al lugar adecuado. Disponemos de una amplia selecci\u00f3n de pianos de&hellip;","protected":false},"author":2,"featured_media":0,"parent":5048,"menu_order":0,"comment_status":"closed","ping_status":"closed","template":"","meta":{"footnotes":""},"class_list":["post-7918","page","type-page","status-publish","hentry","entry","no-media"],"yoast_head":"<!-- This site is optimized with the Yoast SEO plugin v27.0 - https:\/\/yoast.com\/product\/yoast-seo-wordpress\/ -->\n<title>Comprar piano - La Casa dels Pianos<\/title>\n<meta name=\"robots\" content=\"index, follow, max-snippet:-1, max-image-preview:large, max-video-preview:-1\" \/>\n<link rel=\"canonical\" href=\"https:\/\/lacasadelspianos.com\/es\/servicios\/comprar-piano\/\" \/>\n<meta property=\"og:locale\" content=\"es_ES\" \/>\n<meta property=\"og:type\" content=\"article\" \/>\n<meta property=\"og:title\" content=\"Comprar piano - La Casa dels Pianos\" \/>\n<meta property=\"og:url\" content=\"https:\/\/lacasadelspianos.com\/es\/servicios\/comprar-piano\/\" \/>\n<meta property=\"og:site_name\" content=\"La Casa dels Pianos\" \/>\n<meta property=\"article:modified_time\" content=\"2024-08-14T09:24:30+00:00\" \/>\n<meta name=\"twitter:card\" content=\"summary_large_image\" \/>\n<meta name=\"twitter:label1\" content=\"Tiempo de lectura\" \/>\n\t<meta name=\"twitter:data1\" content=\"2 minutos\" \/>\n<script type=\"application\/ld+json\" class=\"yoast-schema-graph\">{\"@context\":\"https:\/\/schema.org\",\"@graph\":[{\"@type\":\"WebPage\",\"@id\":\"https:\/\/lacasadelspianos.com\/es\/servicios\/comprar-piano\/\",\"url\":\"https:\/\/lacasadelspianos.com\/es\/servicios\/comprar-piano\/\",\"name\":\"Comprar piano - La Casa dels Pianos\",\"isPartOf\":{\"@id\":\"https:\/\/lacasadelspianos.com\/#website\"},\"datePublished\":\"2024-08-09T09:56:26+00:00\",\"dateModified\":\"2024-08-14T09:24:30+00:00\",\"breadcrumb\":{\"@id\":\"https:\/\/lacasadelspianos.com\/es\/servicios\/comprar-piano\/#breadcrumb\"},\"inLanguage\":\"es\",\"potentialAction\":[{\"@type\":\"ReadAction\",\"target\":[\"https:\/\/lacasadelspianos.com\/es\/servicios\/comprar-piano\/\"]}]},{\"@type\":\"BreadcrumbList\",\"@id\":\"https:\/\/lacasadelspianos.com\/es\/servicios\/comprar-piano\/#breadcrumb\",\"itemListElement\":[{\"@type\":\"ListItem\",\"position\":1,\"name\":\"Home\",\"item\":\"https:\/\/lacasadelspianos.com\/es\/\"},{\"@type\":\"ListItem\",\"position\":2,\"name\":\"Servicios\",\"item\":\"https:\/\/lacasadelspianos.com\/es\/servicios\/\"},{\"@type\":\"ListItem\",\"position\":3,\"name\":\"Comprar piano\"}]},{\"@type\":\"WebSite\",\"@id\":\"https:\/\/lacasadelspianos.com\/#website\",\"url\":\"https:\/\/lacasadelspianos.com\/\",\"name\":\"La Casa dels Pianos\",\"description\":\"Venda i lloguer de pianos nous, d&#039;ocasi\u00f3, seminous y Km0\",\"publisher\":{\"@id\":\"https:\/\/lacasadelspianos.com\/#organization\"},\"potentialAction\":[{\"@type\":\"SearchAction\",\"target\":{\"@type\":\"EntryPoint\",\"urlTemplate\":\"https:\/\/lacasadelspianos.com\/?s={search_term_string}\"},\"query-input\":{\"@type\":\"PropertyValueSpecification\",\"valueRequired\":true,\"valueName\":\"search_term_string\"}}],\"inLanguage\":\"es\"},{\"@type\":\"Organization\",\"@id\":\"https:\/\/lacasadelspianos.com\/#organization\",\"name\":\"La Casa dels Pianos\",\"url\":\"https:\/\/lacasadelspianos.com\/\",\"logo\":{\"@type\":\"ImageObject\",\"inLanguage\":\"es\",\"@id\":\"https:\/\/lacasadelspianos.com\/#\/schema\/logo\/image\/\",\"url\":\"https:\/\/lacasadelspianos.com\/wp-content\/uploads\/2023\/10\/logo.png\",\"contentUrl\":\"https:\/\/lacasadelspianos.com\/wp-content\/uploads\/2023\/10\/logo.png\",\"width\":878,\"height\":410,\"caption\":\"La Casa dels Pianos\"},\"image\":{\"@id\":\"https:\/\/lacasadelspianos.com\/#\/schema\/logo\/image\/\"}}]}<\/script>\n<!-- \/ Yoast SEO plugin. -->","yoast_head_json":{"title":"Comprar piano - La Casa dels Pianos","robots":{"index":"index","follow":"follow","max-snippet":"max-snippet:-1","max-image-preview":"max-image-preview:large","max-video-preview":"max-video-preview:-1"},"canonical":"https:\/\/lacasadelspianos.com\/es\/servicios\/comprar-piano\/","og_locale":"es_ES","og_type":"article","og_title":"Comprar piano - La Casa dels Pianos","og_url":"https:\/\/lacasadelspianos.com\/es\/servicios\/comprar-piano\/","og_site_name":"La Casa dels Pianos","article_modified_time":"2024-08-14T09:24:30+00:00","twitter_card":"summary_large_image","twitter_misc":{"Tiempo de lectura":"2 minutos"},"schema":{"@context":"https:\/\/schema.org","@graph":[{"@type":"WebPage","@id":"https:\/\/lacasadelspianos.com\/es\/servicios\/comprar-piano\/","url":"https:\/\/lacasadelspianos.com\/es\/servicios\/comprar-piano\/","name":"Comprar piano - La Casa dels Pianos","isPartOf":{"@id":"https:\/\/lacasadelspianos.com\/#website"},"datePublished":"2024-08-09T09:56:26+00:00","dateModified":"2024-08-14T09:24:30+00:00","breadcrumb":{"@id":"https:\/\/lacasadelspianos.com\/es\/servicios\/comprar-piano\/#breadcrumb"},"inLanguage":"es","potentialAction":[{"@type":"ReadAction","target":["https:\/\/lacasadelspianos.com\/es\/servicios\/comprar-piano\/"]}]},{"@type":"BreadcrumbList","@id":"https:\/\/lacasadelspianos.com\/es\/servicios\/comprar-piano\/#breadcrumb","itemListElement":[{"@type":"ListItem","position":1,"name":"Home","item":"https:\/\/lacasadelspianos.com\/es\/"},{"@type":"ListItem","position":2,"name":"Servicios","item":"https:\/\/lacasadelspianos.com\/es\/servicios\/"},{"@type":"ListItem","position":3,"name":"Comprar piano"}]},{"@type":"WebSite","@id":"https:\/\/lacasadelspianos.com\/#website","url":"https:\/\/lacasadelspianos.com\/","name":"La Casa dels Pianos","description":"Venda i lloguer de pianos nous, d&#039;ocasi\u00f3, seminous y Km0","publisher":{"@id":"https:\/\/lacasadelspianos.com\/#organization"},"potentialAction":[{"@type":"SearchAction","target":{"@type":"EntryPoint","urlTemplate":"https:\/\/lacasadelspianos.com\/?s={search_term_string}"},"query-input":{"@type":"PropertyValueSpecification","valueRequired":true,"valueName":"search_term_string"}}],"inLanguage":"es"},{"@type":"Organization","@id":"https:\/\/lacasadelspianos.com\/#organization","name":"La Casa dels Pianos","url":"https:\/\/lacasadelspianos.com\/","logo":{"@type":"ImageObject","inLanguage":"es","@id":"https:\/\/lacasadelspianos.com\/#\/schema\/logo\/image\/","url":"https:\/\/lacasadelspianos.com\/wp-content\/uploads\/2023\/10\/logo.png","contentUrl":"https:\/\/lacasadelspianos.com\/wp-content\/uploads\/2023\/10\/logo.png","width":878,"height":410,"caption":"La Casa dels Pianos"},"image":{"@id":"https:\/\/lacasadelspianos.com\/#\/schema\/logo\/image\/"}}]}},"_links":{"self":[{"href":"https:\/\/lacasadelspianos.com\/es\/wp-json\/wp\/v2\/pages\/7918","targetHints":{"allow":["GET"]}}],"collection":[{"href":"https:\/\/lacasadelspianos.com\/es\/wp-json\/wp\/v2\/pages"}],"about":[{"href":"https:\/\/lacasadelspianos.com\/es\/wp-json\/wp\/v2\/types\/page"}],"author":[{"embeddable":true,"href":"https:\/\/lacasadelspianos.com\/es\/wp-json\/wp\/v2\/users\/2"}],"replies":[{"embeddable":true,"href":"https:\/\/lacasadelspianos.com\/es\/wp-json\/wp\/v2\/comments?post=7918"}],"version-history":[{"count":4,"href":"https:\/\/lacasadelspianos.com\/es\/wp-json\/wp\/v2\/pages\/7918\/revisions"}],"predecessor-version":[{"id":7934,"href":"https:\/\/lacasadelspianos.com\/es\/wp-json\/wp\/v2\/pages\/7918\/revisions\/7934"}],"up":[{"embeddable":true,"href":"https:\/\/lacasadelspianos.com\/es\/wp-json\/wp\/v2\/pages\/5048"}],"wp:attachment":[{"href":"https:\/\/lacasadelspianos.com\/es\/wp-json\/wp\/v2\/media?parent=7918"}],"curies":[{"name":"wp","href":"https:\/\/api.w.org\/{rel}","templated":true}]}}